{"id":78,"date":"2018-12-01T14:41:11","date_gmt":"2018-12-01T13:41:11","guid":{"rendered":"http:\/\/xn--sportangler-baddrrenberg-btc.de\/?page_id=78"},"modified":"2018-12-02T12:17:14","modified_gmt":"2018-12-02T11:17:14","slug":"satzung","status":"publish","type":"page","link":"https:\/\/xn--sportangler-baddrrenberg-btc.de\/index.php\/satzung\/","title":{"rendered":"Satzung"},"content":{"rendered":"\n<p>Satzung des<strong> Angelsportvereines Bad D\u00fcrrenberg S\u00fcd<\/strong>, Mitglied im <strong><em>Kreisangelverein Merseburg e.V.<\/em><\/strong> und im <strong><em>Landesangelverband Sachsen-Anhalt e.V.<\/em><\/strong><\/p>\n\n\n\n<h1 class=\"wp-block-heading\" style=\"text-align:center\">\u00a71<\/h1>\n\n\n\n<p>Der Verein f\u00fchrt den Namen <strong>&#8211; Sportangler Bad D\u00fcrrenberg S\u00fcd &#8211;<\/strong><br>Er hat seinen Sitz in <strong>Bad D\u00fcrrenberg<\/strong>.<br>Der Verein soll im Vereinsregister eingetragen werden.<br>Nach der Eintragung erh\u00e4lt der Vereinsname den Zusatz <strong>&#8211; e.V. &#8211;<\/strong><br>Das Kalenderjahr ist das Gesch\u00e4ftsjahr.<\/p>\n\n\n\n<h1 class=\"wp-block-heading\" style=\"text-align:center\">\u00a72<\/h1>\n\n\n\n<h2 class=\"wp-block-heading\" style=\"text-align:center\">&#8211; Zweck und Aufgaben &#8211;<\/h2>\n\n\n\n<p>Der Verein strebt die Erfassung und Organisierung aller am Angelsport interessierten B\u00fcrger, Jugendlichen und Sch\u00fcler im Einzugsgebiet an, die seine Satzung anerkennen. Neben der Sicherung des waidgerechten Angelsportes stehen folgenden Hauptaufgaben:<\/p>\n\n\n\n<ol class=\"wp-block-list\"><li>Sicherung des Biotopen- und Artenschutzes<\/li><li>Bek\u00e4mpfung sch\u00e4dlicher Einfl\u00fcsse auf die Natur und Umwelt<\/li><li>Sauberhaltung der Gew\u00e4sser und deren Umfeld<\/li><li>Hege und Pflege des Fischbestandes zur Erhaltung der Artenvielfalt<\/li><\/ol>\n\n\n\n<h1 class=\"wp-block-heading\" style=\"text-align:center\">\u00a73<\/h1>\n\n\n\n<h2 class=\"wp-block-heading\" style=\"text-align:center\">&#8211; Gemeinn\u00fctzigkeit &#8211;<\/h2>\n\n\n\n<ol class=\"wp-block-list\"><li>Der Verein verfolgt ausschlie\u00dflich gemeinn\u00fctzige Zwecke im Sinne des Abschnittes steuerbeg\u00fcnstigte Zwecke der Abgabenordnung.<\/li><li>Der Verein ist selbstlos t\u00e4tig, er verfolgt nicht in erster Linie eigenwirtschaftliche Ziele.<\/li><li>Mittel des Vereines d\u00fcrfen nur f\u00fcr satzunggem\u00e4\u00dfe Zwecke Verwendung finden. Mitglieder erhalten keine Zuwendungen aus Mitteln des Vereines. Es darf keine Person durch Ausgaben, die dem Zweck des Vereines fremd sind oder durch hohe Verg\u00fctung beg\u00fcnstigt werden.<\/li><\/ol>\n\n\n\n<h1 class=\"wp-block-heading\" style=\"text-align:center\">\u00a74<\/h1>\n\n\n\n<h2 class=\"wp-block-heading\" style=\"text-align:center\">&#8211; Aufl\u00f6sung des Vereines &#8211;<\/h2>\n\n\n\n<p>Der Beschlu\u00df zur Aufl\u00f6sung des Vereines kann nur durch die Mitgliederversammlung herbeigef\u00fchrt werden. F\u00fcr die Aufl\u00f6sung ist einen zwei Drittel Mehrheit erforderlich. Bei Aufl\u00f6sung des Vereines f\u00e4llt das Verm\u00f6gen nach Abdeckung bestehender Forderungen an den Kreisangelverein Merseburg e.V., der es f\u00fcr gemeinn\u00fctzige Zwecke zu verwenden hat. Der gesch\u00e4ftsf\u00fchrende Vorstand bleibt bis zur v\u00f6lligen Aufl\u00f6sung handlungsf\u00e4hig.<\/p>\n\n\n\n<h1 class=\"wp-block-heading\" style=\"text-align:center\">\u00a75<\/h1>\n\n\n\n<h2 class=\"wp-block-heading\" style=\"text-align:center\">&#8211; Mitgliedschaft &#8211;<\/h2>\n\n\n\n<p>Mitglied kann werden:<\/p>\n\n\n\n<ol class=\"wp-block-list\"><li>Jede\/r B\u00fcrgerin\/B\u00fcrger ab dem 14. Lebensjahr<\/li><li>Kinder ab dem 7. Lebensjahr, wenn die Zustimmung der Eltern oder des gesetzlichen Vertreters vorliegt. Die erste Schimmstufe ist erforderlich.<\/li><li>F\u00f6rderndes Mitglied kann jede\/r B\u00fcrger\/in werden, der die Aufnahme w\u00fcnscht ohne den Angelsport aus\u00fcben zu wollen. \u00dcber die Aufnahme entscheidet der Vorstand.<\/li><\/ol>\n\n\n\n<h1 class=\"wp-block-heading\" style=\"text-align:center\">\u00a76<\/h1>\n\n\n\n<h2 class=\"wp-block-heading\" style=\"text-align:center\">&#8211; Beendigung der Mitgliedschaft &#8211;<\/h2>\n\n\n\n<ol class=\"wp-block-list\"><li>Die Mitgliedschaft endet\n<ul>\n<li>mit dem Tod eines Mitgliedes.<\/li>\n<li>durch freiwilligen Austritt.<\/li>\n<li>durch Ausschlu\u00df aus dem Verein.<\/li>\n<li>durch Streichung in der Mitgliederliste.<\/li>\n<\/ul>\n<\/li><li>Der Austritt kann nur zum Schlu\u00df eines Kalenderjahres gegen\u00fcber einem Vorstandsmitglied schriftlich erkl\u00e4rt werden.<\/li><li>Der Ausschlu\u00df mit sofortiger Wirkung kann ausgesprochen werden, wenn in grober Weise Ansehen und Interessen des Vereines verletzt werden.<\/li><li>Ein Mitglied kann vom Vorstand von einer Mitgliederliste gestrichen werden, wenn er trotz Mahnung mit der Zahlung des Mitgliedsbeitrages in R\u00fcckstand ist. Dtreichung ist dem Mitglied mitzuteilen.<\/li><\/ol>\n\n\n\n<h1 class=\"wp-block-heading\" style=\"text-align:center\">\u00a77<\/h1>\n\n\n\n<h2 class=\"wp-block-heading\" style=\"text-align:center\">&#8211; Finanzen und Mitgliedsbeitr\u00e4ge &#8211;<\/h2>\n\n\n\n<p>Der Verein finanziert sich aus Beitr\u00e4gen, Geb\u00fchren und Spenden.<\/p>\n\n\n\n<p>Die von der Mitgliederversammlung beschlossenen Mitgliedsbeitr\u00e4ge sind als Jahresbeitrag im ersten Monat des Jahres f\u00e4llig. Der Vorstand kann in sozialen H\u00e4rtef\u00e4llen auf Beitr\u00e4ge und Geb\u00fchren teilweise oder ganz verzichten.<\/p>\n\n\n\n<h1 class=\"wp-block-heading\" style=\"text-align:center\">\u00a78<\/h1>\n\n\n\n<h2 class=\"wp-block-heading\" style=\"text-align:center\">&#8211; Vorstand &#8211;<\/h2>\n\n\n\n<p>Der Vorstand besteht aus dem:<\/p>\n\n\n\n<ol class=\"wp-block-list\"><li>dem Vorsitzenden<\/li><li>dem stellvertretenden Vorsitzenden<\/li><li>dem Kassierer<\/li><\/ol>\n\n\n\n<p>Der Vorstand wird f\u00fcr die Dauer von 4 Jahren gew\u00e4hlt. Er bleibt im Amt auch nach Ablauf dieser Zeit, bis zur Neuwahl. Zur Vertretung des Vereines ist jedes Vorstandsmitglied einzeln berechtigt.<\/p>\n\n\n\n<h1 class=\"wp-block-heading\" style=\"text-align:center\">\u00a79<\/h1>\n\n\n\n<h2 class=\"wp-block-heading\" style=\"text-align:center\">&#8211; Mitgliederversammlung &#8211;<\/h2>\n\n\n\n<ol class=\"wp-block-list\"><li>Die ordentliche Mitgliederversammlung findet einmal im Jahr im 2.Quartal statt. Au\u00dferordentliche Mitgliederversammlungen sind durchzuf\u00fchren, wenn es im Interesse des Vereines erforderlich ist, bzw. ein Viertel der Mitglieder das m\u00f6glichst unter schriftlicher Abgabe von Gr\u00fcnden verlangt.<\/li><li>Die Mitgliederversammlung wird vom Vorsitzenden oder seinem Stellvertreter durch einfachen Brief einberufen. Dabei ist die vom Vorstand festgelegte Tagesordnung mitzuteilen. Das Einladungschreiben gilt als zugegangen, wenn esan die letzte, dem Verein bekannt gegebene Adresse des Mitglieds gerichtet ist.<\/li><\/ol>\n\n\n\n<h1 class=\"wp-block-heading\" style=\"text-align:center\">\u00a710<\/h1>\n\n\n\n<h2 class=\"wp-block-heading\" style=\"text-align:center\">Beschlu\u00dffassung der Mitgliederversammlung<\/h2>\n\n\n\n<ol class=\"wp-block-list\"><li>Die Mitgliederversammlung wird vom Vorsitzenden oder seinem Stellvertreter geleitet. Der Vorsitzende gibt den Bericht \u00fcber das Gasch\u00e4ftsjahr.<\/li><li>Die vom Vorstand festgelegte Tagesordnung kann durch Beschlu\u00df der Mitgliederversammlung ge\u00e4ndert werden.<\/li><li>Die Mitgliederversammlung beschlie\u00dft den Jahresbericht, die Jahresrechnung und den Sport- und Finanzplan f\u00fcr da laufende Gesch\u00e4ftsjahr.<\/li><li>Zur Beschlu\u00dffassung ist eine einfache Mehrheit der abgegebenen g\u00fcltigen Stimmen der anwesenden Mitglieder erforderlich. Stimmenentahltung sind ung\u00fcltige Stimmen. Die Beschl\u00fc\u00dfe werden in offener Abstimmung durch Handheben erfasst.<\/li><li>F\u00fcr Erg\u00e4nzungen zur Tagesordnung, zum Ausschlu\u00df von mitgliedern, zu Satzung\u00e4nderungen sowie zur Aufl\u00f6sung des Vereines ist eine zwei Drittel Mehrheit erforderlich.<\/li><li>\u00dcber den Verlauf der Mitgliederversammlung und der gefa\u00dften Beschl\u00fc\u00dfe ist ein schriftliches Protokoll zu f\u00fchren.<\/li><\/ol>\n\n\n\n<h1 class=\"wp-block-heading\" style=\"text-align:center\">\u00a711<\/h1>\n\n\n\n<h2 class=\"wp-block-heading\" style=\"text-align:center\">&#8211; Inkrafttreten der Satzung &#8211;<\/h2>\n\n\n\n<p><p>Diese Satzung wurde in der Mitgliederversammlung am 31.01.1997 beschlossen. Sie gilt ab dem Tag der Registrierung beim Amtsgericht Merseburg.<\/p>\n<p>&nbsp;<\/p><\/p>\n\n\n\n<p><img loading=\"lazy\" decoding=\"async\" class=\"alignnone wp-image-80 size-full\" src=\"https:\/\/xn--sportangler-baddrrenberg-btc.de\/wp-content\/uploads\/2018\/12\/satzung-unterschriften.png\" alt=\"\" width=\"584\" height=\"235\" srcset=\"https:\/\/xn--sportangler-baddrrenberg-btc.de\/wp-content\/uploads\/2018\/12\/satzung-unterschriften.png 584w, https:\/\/xn--sportangler-baddrrenberg-btc.de\/wp-content\/uploads\/2018\/12\/satzung-unterschriften-300x121.png 300w\" sizes=\"auto, (max-width: 584px) 100vw, 584px\" \/><\/p>\n","protected":false},"excerpt":{"rendered":"<p>Satzung des Angelsportvereines Bad D\u00fcrrenberg S\u00fcd, Mitglied im Kreisangelverein Merseburg e.V. und im Landesangelverband Sachsen-Anhalt e.V. \u00a71 Der Verein f\u00fchrt den Namen &#8211; Sportangler Bad D\u00fcrrenberg S\u00fcd &#8211;Er hat seinen Sitz in Bad D\u00fcrrenberg.Der Verein soll im Vereinsregister eingetragen werden.Nach der Eintragung erh\u00e4lt der Vereinsname den Zusatz &#8211; e.V. &#8211;Das Kalenderjahr ist das Gesch\u00e4ftsjahr. \u00a72 [&hellip;]<\/p>\n","protected":false},"author":1,"featured_media":0,"parent":0,"menu_order":0,"comment_status":"closed","ping_status":"closed","template":"","meta":{"ngg_post_thumbnail":0,"footnotes":""},"class_list":["post-78","page","type-page","status-publish","hentry"],"_links":{"self":[{"href":"https:\/\/xn--sportangler-baddrrenberg-btc.de\/index.php\/wp-json\/wp\/v2\/pages\/78","targetHints":{"allow":["GET"]}}],"collection":[{"href":"https:\/\/xn--sportangler-baddrrenberg-btc.de\/index.php\/wp-json\/wp\/v2\/pages"}],"about":[{"href":"https:\/\/xn--sportangler-baddrrenberg-btc.de\/index.php\/wp-json\/wp\/v2\/types\/page"}],"author":[{"embeddable":true,"href":"https:\/\/xn--sportangler-baddrrenberg-btc.de\/index.php\/wp-json\/wp\/v2\/users\/1"}],"replies":[{"embeddable":true,"href":"https:\/\/xn--sportangler-baddrrenberg-btc.de\/index.php\/wp-json\/wp\/v2\/comments?post=78"}],"version-history":[{"count":3,"href":"https:\/\/xn--sportangler-baddrrenberg-btc.de\/index.php\/wp-json\/wp\/v2\/pages\/78\/revisions"}],"predecessor-version":[{"id":109,"href":"https:\/\/xn--sportangler-baddrrenberg-btc.de\/index.php\/wp-json\/wp\/v2\/pages\/78\/revisions\/109"}],"wp:attachment":[{"href":"https:\/\/xn--sportangler-baddrrenberg-btc.de\/index.php\/wp-json\/wp\/v2\/media?parent=78"}],"curies":[{"name":"wp","href":"https:\/\/api.w.org\/{rel}","templated":true}]}}