{"id":269,"date":"2018-12-05T07:41:43","date_gmt":"2018-12-05T06:41:43","guid":{"rendered":"http:\/\/xn--sportangler-baddrrenberg-btc.de\/?page_id=269"},"modified":"2018-12-05T07:42:12","modified_gmt":"2018-12-05T06:42:12","slug":"goldhaenchen","status":"publish","type":"page","link":"https:\/\/xn--sportangler-baddrrenberg-btc.de\/index.php\/goldhaenchen\/","title":{"rendered":"Goldh\u00e4nchen"},"content":{"rendered":"\n<p>Das Goldh\u00e4nchen liegt im Ortsteil Tollwitz und hat eine Wasserfl\u00e4che von ca. 0,98 ha.<\/p>\n\n\n\n<h2 class=\"wp-block-heading\">Gew\u00e4sser-Nr.:<\/h2>\n\n\n\n<p>10-290-50<\/p>\n\n\n\n<h2 class=\"wp-block-heading\">Fischbesatz<\/h2>\n\n\n\n<p>Karpfen, Aal, Hecht, Schleie und Wei\u00dffisch<\/p>\n\n\n\n<h2 class=\"wp-block-heading\">Karte<\/h2>\n\n\n<div id=\"lmm_43f21b63\" style=\"width:100%;\" class=\"mapsmarker markermap marker-4\">\n<div id=\"lmm_panel_43f21b63\" class=\"lmm-panel\" style=\"background:#efefef;\">\n<div id=\"lmm_panel_api_43f21b63\" class=\"lmm-panel-api\"><a href=\"https:\/\/maps.google.com\/maps?daddr=Bad+D%C3%BCrrenberg++Sachsen-Anhalt%2C+Deutschland&amp;t=m&amp;layer=1&amp;doflg=ptk&amp;om=0\" target=\"_blank\" title=\"Wegbeschreibung berechnen\"><img loading=\"lazy\" decoding=\"async\" alt=\"icon-car.png\" src=\"https:\/\/xn--sportangler-baddrrenberg-btc.de\/wp-content\/plugins\/leaflet-maps-marker\/inc\/img\/icon-car.png\" width=\"14\" height=\"14\" class=\"lmm-panel-api-images\" \/><\/a><\/div><div id=\"lmm_panel_text_43f21b63\" class=\"lmm-panel-text\" style=\"font-weight:bold;color:#373737;\">Goldh\u00e4nchen<\/div><\/div>\n<div id=\"lmm_map_43f21b63\" class=\"lmm-map\" style=\"background:#f6f6f6;border:1px solid #ccc;height:350px; overflow:hidden;padding:0;\"><p style=\"font-size:80%;color:#9f9e9e;margin-left:5px;\">Karte wird geladen - bitte warten...<noscript><br\/><strong>Karte konnte nicht geladen werden - bitte aktivieren Sie Javascript!<\/strong><br\/><a style=\"text-decoration:none;\" href=\"https:\/\/www.mapsmarker.com\/js-disabled\" target=\"_blank\">&rarr; Weitere Informationen<\/a><\/noscript><\/p><\/div>\n<div id=\"lmm_geo_tags_43f21b63\" class=\"lmm-geo-tags geo\">\n<span class=\"paneltext\">Goldh\u00e4nchen<\/span>\n<span class=\"latitude\">51.286782<\/span>, <span class=\"longitude\">12.089778<\/span>\n<span class=\"popuptext\"><\/span>\n<\/div>\n<\/div>\n","protected":false},"excerpt":{"rendered":"<p>Das Goldh\u00e4nchen liegt im Ortsteil Tollwitz und hat eine Wasserfl\u00e4che von ca. 0,98 ha. Gew\u00e4sser-Nr.: 10-290-50 Fischbesatz Karpfen, Aal, Hecht, Schleie und Wei\u00dffisch Karte<\/p>\n","protected":false},"author":1,"featured_media":0,"parent":0,"menu_order":0,"comment_status":"closed","ping_status":"closed","template":"","meta":{"ngg_post_thumbnail":0,"footnotes":""},"class_list":["post-269","page","type-page","status-publish","hentry"],"_links":{"self":[{"href":"https:\/\/xn--sportangler-baddrrenberg-btc.de\/index.php\/wp-json\/wp\/v2\/pages\/269","targetHints":{"allow":["GET"]}}],"collection":[{"href":"https:\/\/xn--sportangler-baddrrenberg-btc.de\/index.php\/wp-json\/wp\/v2\/pages"}],"about":[{"href":"https:\/\/xn--sportangler-baddrrenberg-btc.de\/index.php\/wp-json\/wp\/v2\/types\/page"}],"author":[{"embeddable":true,"href":"https:\/\/xn--sportangler-baddrrenberg-btc.de\/index.php\/wp-json\/wp\/v2\/users\/1"}],"replies":[{"embeddable":true,"href":"https:\/\/xn--sportangler-baddrrenberg-btc.de\/index.php\/wp-json\/wp\/v2\/comments?post=269"}],"version-history":[{"count":2,"href":"https:\/\/xn--sportangler-baddrrenberg-btc.de\/index.php\/wp-json\/wp\/v2\/pages\/269\/revisions"}],"predecessor-version":[{"id":271,"href":"https:\/\/xn--sportangler-baddrrenberg-btc.de\/index.php\/wp-json\/wp\/v2\/pages\/269\/revisions\/271"}],"wp:attachment":[{"href":"https:\/\/xn--sportangler-baddrrenberg-btc.de\/index.php\/wp-json\/wp\/v2\/media?parent=269"}],"curies":[{"name":"wp","href":"https:\/\/api.w.org\/{rel}","templated":true}]}}