{"id":266,"date":"2018-12-05T07:26:20","date_gmt":"2018-12-05T06:26:20","guid":{"rendered":"http:\/\/xn--sportangler-baddrrenberg-btc.de\/?page_id=266"},"modified":"2018-12-05T07:26:21","modified_gmt":"2018-12-05T06:26:21","slug":"pfuetze","status":"publish","type":"page","link":"https:\/\/xn--sportangler-baddrrenberg-btc.de\/index.php\/pfuetze\/","title":{"rendered":"Pf\u00fctze"},"content":{"rendered":"<p>Die Pf\u00fctze liegt im Ortsteil Tollwitz und hat eine Wasserfl\u00e4che von ca. 0,35 ha.<\/p>\n\n\n<h2 class=\"wp-block-heading\">Gew\u00e4sser-Nr.:<\/h2>\n\n\n\n<p>10-290-11<\/p>\n\n\n\n<h2 class=\"wp-block-heading\">Fischbesatz<\/h2>\n\n\n\n<p>Karpfen, Aal, Hecht, Schleie, Wei\u00dffisch<\/p>\n\n\n\n<h2 class=\"wp-block-heading\">Karte<\/h2>\n\n\n<div id=\"lmm_80663420\" style=\"width:100%;\" class=\"mapsmarker markermap marker-2\">\n<div id=\"lmm_map_80663420\" class=\"lmm-map\" style=\"background:#f6f6f6;border:1px solid #ccc;height:350px; overflow:hidden;padding:0;\"><p style=\"font-size:80%;color:#9f9e9e;margin-left:5px;\">Karte wird geladen - bitte warten...<noscript><br\/><strong>Karte konnte nicht geladen werden - bitte aktivieren Sie Javascript!<\/strong><br\/><a style=\"text-decoration:none;\" href=\"https:\/\/www.mapsmarker.com\/js-disabled\" target=\"_blank\">&rarr; Weitere Informationen<\/a><\/noscript><\/p><\/div>\n<div id=\"lmm_geo_tags_80663420\" class=\"lmm-geo-tags geo\">\n<span class=\"paneltext\">Pf\u00fctze<\/span>\n<span class=\"latitude\">51.277273<\/span>, <span class=\"longitude\">12.104402<\/span>\n<span class=\"popuptext\"><\/span>\n<\/div>\n<\/div>\n\n\n<p><!--EndFragment--><br>\n<br>\n<\/p>","protected":false},"excerpt":{"rendered":"<p>Die Pf\u00fctze liegt im Ortsteil Tollwitz und hat eine Wasserfl\u00e4che von ca. 0,35 ha. Gew\u00e4sser-Nr.: 10-290-11 Fischbesatz Karpfen, Aal, Hecht, Schleie, Wei\u00dffisch Karte<\/p>\n","protected":false},"author":1,"featured_media":0,"parent":0,"menu_order":0,"comment_status":"closed","ping_status":"closed","template":"","meta":{"ngg_post_thumbnail":0,"footnotes":""},"class_list":["post-266","page","type-page","status-publish","hentry"],"_links":{"self":[{"href":"https:\/\/xn--sportangler-baddrrenberg-btc.de\/index.php\/wp-json\/wp\/v2\/pages\/266","targetHints":{"allow":["GET"]}}],"collection":[{"href":"https:\/\/xn--sportangler-baddrrenberg-btc.de\/index.php\/wp-json\/wp\/v2\/pages"}],"about":[{"href":"https:\/\/xn--sportangler-baddrrenberg-btc.de\/index.php\/wp-json\/wp\/v2\/types\/page"}],"author":[{"embeddable":true,"href":"https:\/\/xn--sportangler-baddrrenberg-btc.de\/index.php\/wp-json\/wp\/v2\/users\/1"}],"replies":[{"embeddable":true,"href":"https:\/\/xn--sportangler-baddrrenberg-btc.de\/index.php\/wp-json\/wp\/v2\/comments?post=266"}],"version-history":[{"count":1,"href":"https:\/\/xn--sportangler-baddrrenberg-btc.de\/index.php\/wp-json\/wp\/v2\/pages\/266\/revisions"}],"predecessor-version":[{"id":267,"href":"https:\/\/xn--sportangler-baddrrenberg-btc.de\/index.php\/wp-json\/wp\/v2\/pages\/266\/revisions\/267"}],"wp:attachment":[{"href":"https:\/\/xn--sportangler-baddrrenberg-btc.de\/index.php\/wp-json\/wp\/v2\/media?parent=266"}],"curies":[{"name":"wp","href":"https:\/\/api.w.org\/{rel}","templated":true}]}}