{"id":233,"date":"2018-12-03T17:52:37","date_gmt":"2018-12-03T16:52:37","guid":{"rendered":"http:\/\/xn--sportangler-baddrrenberg-btc.de\/?page_id=233"},"modified":"2023-04-16T11:13:01","modified_gmt":"2023-04-16T09:13:01","slug":"kontakt","status":"publish","type":"page","link":"https:\/\/xn--sportangler-baddrrenberg-btc.de\/index.php\/kontakt\/","title":{"rendered":"Schreibt uns"},"content":{"rendered":"\n<p>Wir versuchen alle Anfragen so schnell wie m\u00f6glich zu beantworten. Bitte beschreibt euer Anliegen deutlich, damit es im Nachhinein keine Mi\u00dfverst\u00e4ndnisse gibt.<\/p>\n\n\n\n<p>Anfragen zu Schulungslehrg\u00e4ngen f\u00fcr den Fischereischein daf\u00fcr schaut ihr bitte in unser Informationsblatt <a href=\"https:\/\/xn--sportangler-baddrrenberg-btc.de\/index.php\/fischereischeine\/\">Fischereischeine<\/a>.<\/p>\n\n\n\n<p><br><\/p>\n\n\n\n<div class=\"wpcf7 no-js\" id=\"wpcf7-f232-o1\" lang=\"de-DE\" dir=\"ltr\" data-wpcf7-id=\"232\">\n<div class=\"screen-reader-response\"><p role=\"status\" aria-live=\"polite\" aria-atomic=\"true\"><\/p> <ul><\/ul><\/div>\n<form action=\"\/index.php\/wp-json\/wp\/v2\/pages\/233#wpcf7-f232-o1\" method=\"post\" class=\"wpcf7-form init\" aria-label=\"Kontaktformular\" novalidate=\"novalidate\" data-status=\"init\">\n<fieldset class=\"hidden-fields-container\"><input type=\"hidden\" name=\"_wpcf7\" value=\"232\" \/><input type=\"hidden\" name=\"_wpcf7_version\" value=\"6.1.4\" \/><input type=\"hidden\" name=\"_wpcf7_locale\" value=\"de_DE\" \/><input type=\"hidden\" name=\"_wpcf7_unit_tag\" value=\"wpcf7-f232-o1\" \/><input type=\"hidden\" name=\"_wpcf7_container_post\" value=\"0\" \/><input type=\"hidden\" name=\"_wpcf7_posted_data_hash\" value=\"\" \/><input type=\"hidden\" name=\"_wpcf7_recaptcha_response\" value=\"\" \/>\n<\/fieldset>\n<p><label> Dein Name (Pflichtfeld)<br \/>\n<span class=\"wpcf7-form-control-wrap\" data-name=\"your-name\"><input size=\"40\" maxlength=\"400\" class=\"wpcf7-form-control wpcf7-text wpcf7-validates-as-required\" aria-required=\"true\" aria-invalid=\"false\" value=\"\" type=\"text\" name=\"your-name\" \/><\/span> <\/label>\n<\/p>\n<p><label> Deine Mailadresse (Pflichtfeld)<br \/>\n<span class=\"wpcf7-form-control-wrap\" data-name=\"your-email\"><input size=\"40\" maxlength=\"400\" class=\"wpcf7-form-control wpcf7-email wpcf7-validates-as-required wpcf7-text wpcf7-validates-as-email\" aria-required=\"true\" aria-invalid=\"false\" value=\"\" type=\"email\" name=\"your-email\" \/><\/span> <\/label>\n<\/p>\n<p><label> Betreff<br \/>\n<span class=\"wpcf7-form-control-wrap\" data-name=\"your-subject\"><input size=\"40\" maxlength=\"400\" class=\"wpcf7-form-control wpcf7-text\" aria-invalid=\"false\" value=\"\" type=\"text\" name=\"your-subject\" \/><\/span> <\/label>\n<\/p>\n<p><label> Deine Nachricht an uns<br \/>\n<span class=\"wpcf7-form-control-wrap\" data-name=\"your-message\"><textarea cols=\"40\" rows=\"10\" maxlength=\"2000\" class=\"wpcf7-form-control wpcf7-textarea\" aria-invalid=\"false\" name=\"your-message\"><\/textarea><\/span> <\/label>\n<\/p>\n\n<p><input class=\"wpcf7-form-control wpcf7-submit has-spinner\" type=\"submit\" value=\"absenden\" \/>\n<\/p><div class=\"wpcf7-response-output\" aria-hidden=\"true\"><\/div>\n<\/form>\n<\/div>\n\n","protected":false},"excerpt":{"rendered":"<p>Wir versuchen alle Anfragen so schnell wie m\u00f6glich zu beantworten. Bitte beschreibt euer Anliegen deutlich, damit es im Nachhinein keine Mi\u00dfverst\u00e4ndnisse gibt. Anfragen zu Schulungslehrg\u00e4ngen f\u00fcr den Fischereischein daf\u00fcr schaut ihr bitte in unser Informationsblatt Fischereischeine.<\/p>\n","protected":false},"author":1,"featured_media":0,"parent":0,"menu_order":0,"comment_status":"closed","ping_status":"closed","template":"","meta":{"ngg_post_thumbnail":0,"footnotes":""},"class_list":["post-233","page","type-page","status-publish","hentry"],"_links":{"self":[{"href":"https:\/\/xn--sportangler-baddrrenberg-btc.de\/index.php\/wp-json\/wp\/v2\/pages\/233","targetHints":{"allow":["GET"]}}],"collection":[{"href":"https:\/\/xn--sportangler-baddrrenberg-btc.de\/index.php\/wp-json\/wp\/v2\/pages"}],"about":[{"href":"https:\/\/xn--sportangler-baddrrenberg-btc.de\/index.php\/wp-json\/wp\/v2\/types\/page"}],"author":[{"embeddable":true,"href":"https:\/\/xn--sportangler-baddrrenberg-btc.de\/index.php\/wp-json\/wp\/v2\/users\/1"}],"replies":[{"embeddable":true,"href":"https:\/\/xn--sportangler-baddrrenberg-btc.de\/index.php\/wp-json\/wp\/v2\/comments?post=233"}],"version-history":[{"count":11,"href":"https:\/\/xn--sportangler-baddrrenberg-btc.de\/index.php\/wp-json\/wp\/v2\/pages\/233\/revisions"}],"predecessor-version":[{"id":855,"href":"https:\/\/xn--sportangler-baddrrenberg-btc.de\/index.php\/wp-json\/wp\/v2\/pages\/233\/revisions\/855"}],"wp:attachment":[{"href":"https:\/\/xn--sportangler-baddrrenberg-btc.de\/index.php\/wp-json\/wp\/v2\/media?parent=233"}],"curies":[{"name":"wp","href":"https:\/\/api.w.org\/{rel}","templated":true}]}}