{"id":131,"date":"2018-12-03T13:08:27","date_gmt":"2018-12-03T12:08:27","guid":{"rendered":"http:\/\/xn--sportangler-baddrrenberg-btc.de\/?page_id=131"},"modified":"2018-12-03T13:10:01","modified_gmt":"2018-12-03T12:10:01","slug":"impressum","status":"publish","type":"page","link":"https:\/\/xn--sportangler-baddrrenberg-btc.de\/index.php\/impressum\/","title":{"rendered":"Impressum"},"content":{"rendered":"<h2>Angaben gem\u00e4\u00df \u00a7 5 TMG:<\/h2>\n<p>Sportangler Bad D\u00fcrrenberg S\u00fcd e.V.<br \/>\nMaik Freigang<\/p>\n<h3>Postanschrift:<\/h3>\n<p>Thalsch\u00fctz 31<br \/>\n06231 Leuna<\/p>\n<h3>Kontakt:<\/h3>\n<p>Telefon: +49 (0) 177 2758388<br \/>\nE-Mail: maik.freigang@sportangler-badd\u00fcrrenberg.de<\/p>\n<h3>Vertreten durch:<\/h3>\n<p>Frank Behrendt<br \/>\nBodo Kr\u00f6ning<\/p>\n<h3>Eingetragen am<\/h3>\n<p>Amtsgericht Stendal<br \/>\nVR 46492<\/p>\n<h3>Umsatzsteuer-Identifikationsnummer<\/h3>\n<p>Umsatzsteuernummer<\/p>\n<h2>Berufsrechtliche Angaben<\/h2>\n<h2>Hinweise zur Website<\/h2>\n<h3>Verantwortlich f\u00fcr journalistisch-redaktionelle Inhalte ist:<\/h3>\n<p>Oliver Dilly<br \/>\nAm Dorfe 2<br \/>\n06231 Bad D\u00fcrrenberg<\/p>\n<p>Verantwortlich f\u00fcr den Aufbau der Internetseite, deren Struktur und dessen Inhalt.<\/p>\n<p><em>Das Impressum wurde mit dem <a href=\"https:\/\/www.activemind.de\/datenschutz\/impressums-generator\/\">Impressums-Generator der activeMind AG<\/a> erstellt.<\/em><\/p>\n","protected":false},"excerpt":{"rendered":"<p>Angaben gem\u00e4\u00df \u00a7 5 TMG: Sportangler Bad D\u00fcrrenberg S\u00fcd e.V. Maik Freigang Postanschrift: Thalsch\u00fctz 31 06231 Leuna Kontakt: Telefon: +49 (0) 177 2758388 E-Mail: maik.freigang@sportangler-badd\u00fcrrenberg.de Vertreten durch: Frank Behrendt Bodo Kr\u00f6ning Eingetragen am Amtsgericht Stendal VR 46492 Umsatzsteuer-Identifikationsnummer Umsatzsteuernummer Berufsrechtliche Angaben Hinweise zur Website Verantwortlich f\u00fcr journalistisch-redaktionelle Inhalte ist: Oliver Dilly Am Dorfe 2 06231 [&hellip;]<\/p>\n","protected":false},"author":1,"featured_media":0,"parent":0,"menu_order":0,"comment_status":"closed","ping_status":"closed","template":"","meta":{"ngg_post_thumbnail":0,"footnotes":""},"class_list":["post-131","page","type-page","status-publish","hentry"],"_links":{"self":[{"href":"https:\/\/xn--sportangler-baddrrenberg-btc.de\/index.php\/wp-json\/wp\/v2\/pages\/131","targetHints":{"allow":["GET"]}}],"collection":[{"href":"https:\/\/xn--sportangler-baddrrenberg-btc.de\/index.php\/wp-json\/wp\/v2\/pages"}],"about":[{"href":"https:\/\/xn--sportangler-baddrrenberg-btc.de\/index.php\/wp-json\/wp\/v2\/types\/page"}],"author":[{"embeddable":true,"href":"https:\/\/xn--sportangler-baddrrenberg-btc.de\/index.php\/wp-json\/wp\/v2\/users\/1"}],"replies":[{"embeddable":true,"href":"https:\/\/xn--sportangler-baddrrenberg-btc.de\/index.php\/wp-json\/wp\/v2\/comments?post=131"}],"version-history":[{"count":2,"href":"https:\/\/xn--sportangler-baddrrenberg-btc.de\/index.php\/wp-json\/wp\/v2\/pages\/131\/revisions"}],"predecessor-version":[{"id":135,"href":"https:\/\/xn--sportangler-baddrrenberg-btc.de\/index.php\/wp-json\/wp\/v2\/pages\/131\/revisions\/135"}],"wp:attachment":[{"href":"https:\/\/xn--sportangler-baddrrenberg-btc.de\/index.php\/wp-json\/wp\/v2\/media?parent=131"}],"curies":[{"name":"wp","href":"https:\/\/api.w.org\/{rel}","templated":true}]}}